{"id":586,"date":"2026-02-10T10:27:08","date_gmt":"2026-02-10T10:27:08","guid":{"rendered":"https:\/\/www.provenceclassics.com\/?page_id=586"},"modified":"2026-02-10T10:27:08","modified_gmt":"2026-02-10T10:27:08","slug":"location-de-voiture-ancienne-en-provence","status":"publish","type":"page","link":"https:\/\/www.provenceclassics.com\/fr\/location-de-voiture-ancienne-en-provence\/","title":{"rendered":"Location de voiture ancienne en Provence"},"content":{"rendered":"<p>La location de voiture ancienne en Provence offre une mani\u00e8re unique de d\u00e9couvrir les paysages, les villages et les routes embl\u00e9matiques du Sud de la France. Provence Classics propose une s\u00e9lection de voitures de collection permettant de vivre une exp\u00e9rience de conduite authentique et \u00e9l\u00e9gante.<\/p>\n<p><img decoding=\"async\" class=\"alignnone wp-image-587 size-full\" src=\"https:\/\/www.provenceclassics.com\/wp-content\/uploads\/2026\/02\/124-07.avif\" alt=\"location de voiture ancienne\" \/><\/p>\n<h2>Une exp\u00e9rience de conduite hors du temps<\/h2>\n<p>Choisir une location de voiture ancienne, c\u2019est renouer avec le plaisir de la conduite traditionnelle.<br \/>\nLes voitures de collection offrent des sensations uniques, id\u00e9ales pour explorer la Provence \u00e0 un rythme<br \/>\nplus contemplatif, entre vignobles, champs de lavande et routes panoramiques.<\/p>\n<h2>Voitures de collection pour tourisme et \u00e9v\u00e9nements<\/h2>\n<p>La location de voiture ancienne convient aussi bien aux s\u00e9jours touristiques qu\u2019aux \u00e9v\u00e9nements particuliers<br \/>\ntels que les mariages, anniversaires ou escapades priv\u00e9es. Provence Classics met en valeur le patrimoine<br \/>\nautomobile \u00e0 travers des v\u00e9hicules soigneusement entretenus.<\/p>\n<p><img decoding=\"async\" class=\"alignnone wp-image-588 size-full\" src=\"https:\/\/www.provenceclassics.com\/wp-content\/uploads\/2026\/02\/mga-w-7.avif\" alt=\"location de voiture ancienne\" \/><\/p>\n<h2>D\u00e9couvrir la Provence en voiture ancienne<\/h2>\n<p>Parcourir la Provence en voiture ancienne permet d\u2019appr\u00e9cier pleinement la richesse culturelle et naturelle<br \/>\nde la r\u00e9gion. Des villages perch\u00e9s du Luberon aux routes mythiques du Ventoux, la voiture de collection devient<br \/>\nun v\u00e9ritable compagnon de voyage.<\/p>\n<h2>Provence Classics et la location de voiture ancienne<\/h2>\n<p>Provence Classics est sp\u00e9cialis\u00e9e dans la location de voitures anciennes en Provence, en proposant une approche<br \/>\nax\u00e9e sur l\u2019authenticit\u00e9, la qualit\u00e9 et le plaisir de conduire. Chaque v\u00e9hicule raconte une histoire et contribue<br \/>\n\u00e0 une exp\u00e9rience inoubliable.<\/p>\n<p><img decoding=\"async\" class=\"alignnone wp-image-589 size-full\" src=\"https:\/\/www.provenceclassics.com\/wp-content\/uploads\/2026\/02\/TR3A-7.avif\" alt=\"location de voiture ancienne\" \/><\/p>","protected":false},"excerpt":{"rendered":"<p>La location de voiture ancienne en Provence offre une mani\u00e8re unique de d\u00e9couvrir les paysages, les villages et les routes embl\u00e9matiques du Sud de la France. Provence Classics propose une s\u00e9lection de voitures de collection permettant de vivre une exp\u00e9rience de conduite authentique et \u00e9l\u00e9gante. Une exp\u00e9rience de conduite hors du temps Choisir une location [&hellip;]<\/p>\n","protected":false},"author":1,"featured_media":0,"parent":0,"menu_order":0,"comment_status":"closed","ping_status":"closed","template":"","meta":{"_acf_changed":false,"_monsterinsights_skip_tracking":false,"_monsterinsights_sitenote_active":false,"_monsterinsights_sitenote_note":"","_monsterinsights_sitenote_category":0,"footnotes":""},"class_list":["post-586","page","type-page","status-publish","hentry"],"acf":[],"yoast_head":"<!-- This site is optimized with the Yoast SEO plugin v27.5 - https:\/\/yoast.com\/product\/yoast-seo-wordpress\/ -->\n<title>Location de voiture ancienne en Provence - Provence Classics<\/title>\n<meta name=\"robots\" content=\"index, follow, max-snippet:-1, max-image-preview:large, max-video-preview:-1\" \/>\n<link rel=\"canonical\" href=\"https:\/\/www.provenceclassics.com\/fr\/location-de-voiture-ancienne-en-provence\/\" \/>\n<meta property=\"og:locale\" content=\"fr_FR\" \/>\n<meta property=\"og:type\" content=\"article\" \/>\n<meta property=\"og:title\" content=\"Location de voiture ancienne en Provence - Provence Classics\" \/>\n<meta property=\"og:description\" content=\"La location de voiture ancienne en Provence offre une mani\u00e8re unique de d\u00e9couvrir les paysages, les villages et les routes embl\u00e9matiques du Sud de la France. Provence Classics propose une s\u00e9lection de voitures de collection permettant de vivre une exp\u00e9rience de conduite authentique et \u00e9l\u00e9gante. Une exp\u00e9rience de conduite hors du temps Choisir une location [&hellip;]\" \/>\n<meta property=\"og:url\" content=\"https:\/\/www.provenceclassics.com\/fr\/location-de-voiture-ancienne-en-provence\/\" \/>\n<meta property=\"og:site_name\" content=\"Provence Classics\" \/>\n<meta name=\"twitter:card\" content=\"summary_large_image\" \/>\n<meta name=\"twitter:label1\" content=\"Dur\u00e9e de lecture estim\u00e9e\" \/>\n\t<meta name=\"twitter:data1\" content=\"2 minutes\" \/>\n<script type=\"application\/ld+json\" class=\"yoast-schema-graph\">{\"@context\":\"https:\\\/\\\/schema.org\",\"@graph\":[{\"@type\":\"WebPage\",\"@id\":\"https:\\\/\\\/www.provenceclassics.com\\\/location-de-voiture-ancienne-en-provence\\\/\",\"url\":\"https:\\\/\\\/www.provenceclassics.com\\\/location-de-voiture-ancienne-en-provence\\\/\",\"name\":\"Location de voiture ancienne en Provence - Provence Classics\",\"isPartOf\":{\"@id\":\"https:\\\/\\\/www.provenceclassics.com\\\/#website\"},\"primaryImageOfPage\":{\"@id\":\"https:\\\/\\\/www.provenceclassics.com\\\/location-de-voiture-ancienne-en-provence\\\/#primaryimage\"},\"image\":{\"@id\":\"https:\\\/\\\/www.provenceclassics.com\\\/location-de-voiture-ancienne-en-provence\\\/#primaryimage\"},\"thumbnailUrl\":\"https:\\\/\\\/www.provenceclassics.com\\\/wp-content\\\/uploads\\\/2026\\\/02\\\/124-07.avif\",\"datePublished\":\"2026-02-10T10:27:08+00:00\",\"breadcrumb\":{\"@id\":\"https:\\\/\\\/www.provenceclassics.com\\\/location-de-voiture-ancienne-en-provence\\\/#breadcrumb\"},\"inLanguage\":\"fr-FR\",\"potentialAction\":[{\"@type\":\"ReadAction\",\"target\":[\"https:\\\/\\\/www.provenceclassics.com\\\/location-de-voiture-ancienne-en-provence\\\/\"]}]},{\"@type\":\"ImageObject\",\"inLanguage\":\"fr-FR\",\"@id\":\"https:\\\/\\\/www.provenceclassics.com\\\/location-de-voiture-ancienne-en-provence\\\/#primaryimage\",\"url\":\"https:\\\/\\\/www.provenceclassics.com\\\/wp-content\\\/uploads\\\/2026\\\/02\\\/124-07.avif\",\"contentUrl\":\"https:\\\/\\\/www.provenceclassics.com\\\/wp-content\\\/uploads\\\/2026\\\/02\\\/124-07.avif\"},{\"@type\":\"BreadcrumbList\",\"@id\":\"https:\\\/\\\/www.provenceclassics.com\\\/location-de-voiture-ancienne-en-provence\\\/#breadcrumb\",\"itemListElement\":[{\"@type\":\"ListItem\",\"position\":1,\"name\":\"Home\",\"item\":\"https:\\\/\\\/www.provenceclassics.com\\\/\"},{\"@type\":\"ListItem\",\"position\":2,\"name\":\"Location de voiture ancienne en Provence\"}]},{\"@type\":\"WebSite\",\"@id\":\"https:\\\/\\\/www.provenceclassics.com\\\/#website\",\"url\":\"https:\\\/\\\/www.provenceclassics.com\\\/\",\"name\":\"Provence Classics\",\"description\":\"\",\"potentialAction\":[{\"@type\":\"SearchAction\",\"target\":{\"@type\":\"EntryPoint\",\"urlTemplate\":\"https:\\\/\\\/www.provenceclassics.com\\\/?s={search_term_string}\"},\"query-input\":{\"@type\":\"PropertyValueSpecification\",\"valueRequired\":true,\"valueName\":\"search_term_string\"}}],\"inLanguage\":\"fr-FR\"}]}<\/script>\n<!-- \/ Yoast SEO plugin. -->","yoast_head_json":{"title":"Location de voiture ancienne en Provence - Provence Classics","robots":{"index":"index","follow":"follow","max-snippet":"max-snippet:-1","max-image-preview":"max-image-preview:large","max-video-preview":"max-video-preview:-1"},"canonical":"https:\/\/www.provenceclassics.com\/fr\/location-de-voiture-ancienne-en-provence\/","og_locale":"fr_FR","og_type":"article","og_title":"Location de voiture ancienne en Provence - Provence Classics","og_description":"La location de voiture ancienne en Provence offre une mani\u00e8re unique de d\u00e9couvrir les paysages, les villages et les routes embl\u00e9matiques du Sud de la France. Provence Classics propose une s\u00e9lection de voitures de collection permettant de vivre une exp\u00e9rience de conduite authentique et \u00e9l\u00e9gante. Une exp\u00e9rience de conduite hors du temps Choisir une location [&hellip;]","og_url":"https:\/\/www.provenceclassics.com\/fr\/location-de-voiture-ancienne-en-provence\/","og_site_name":"Provence Classics","twitter_card":"summary_large_image","twitter_misc":{"Dur\u00e9e de lecture estim\u00e9e":"2 minutes"},"schema":{"@context":"https:\/\/schema.org","@graph":[{"@type":"WebPage","@id":"https:\/\/www.provenceclassics.com\/location-de-voiture-ancienne-en-provence\/","url":"https:\/\/www.provenceclassics.com\/location-de-voiture-ancienne-en-provence\/","name":"Location de voiture ancienne en Provence - Provence Classics","isPartOf":{"@id":"https:\/\/www.provenceclassics.com\/#website"},"primaryImageOfPage":{"@id":"https:\/\/www.provenceclassics.com\/location-de-voiture-ancienne-en-provence\/#primaryimage"},"image":{"@id":"https:\/\/www.provenceclassics.com\/location-de-voiture-ancienne-en-provence\/#primaryimage"},"thumbnailUrl":"https:\/\/www.provenceclassics.com\/wp-content\/uploads\/2026\/02\/124-07.avif","datePublished":"2026-02-10T10:27:08+00:00","breadcrumb":{"@id":"https:\/\/www.provenceclassics.com\/location-de-voiture-ancienne-en-provence\/#breadcrumb"},"inLanguage":"fr-FR","potentialAction":[{"@type":"ReadAction","target":["https:\/\/www.provenceclassics.com\/location-de-voiture-ancienne-en-provence\/"]}]},{"@type":"ImageObject","inLanguage":"fr-FR","@id":"https:\/\/www.provenceclassics.com\/location-de-voiture-ancienne-en-provence\/#primaryimage","url":"https:\/\/www.provenceclassics.com\/wp-content\/uploads\/2026\/02\/124-07.avif","contentUrl":"https:\/\/www.provenceclassics.com\/wp-content\/uploads\/2026\/02\/124-07.avif"},{"@type":"BreadcrumbList","@id":"https:\/\/www.provenceclassics.com\/location-de-voiture-ancienne-en-provence\/#breadcrumb","itemListElement":[{"@type":"ListItem","position":1,"name":"Home","item":"https:\/\/www.provenceclassics.com\/"},{"@type":"ListItem","position":2,"name":"Location de voiture ancienne en Provence"}]},{"@type":"WebSite","@id":"https:\/\/www.provenceclassics.com\/#website","url":"https:\/\/www.provenceclassics.com\/","name":"Provence Classics","description":"","potentialAction":[{"@type":"SearchAction","target":{"@type":"EntryPoint","urlTemplate":"https:\/\/www.provenceclassics.com\/?s={search_term_string}"},"query-input":{"@type":"PropertyValueSpecification","valueRequired":true,"valueName":"search_term_string"}}],"inLanguage":"fr-FR"}]}},"_links":{"self":[{"href":"https:\/\/www.provenceclassics.com\/fr\/wp-json\/wp\/v2\/pages\/586","targetHints":{"allow":["GET"]}}],"collection":[{"href":"https:\/\/www.provenceclassics.com\/fr\/wp-json\/wp\/v2\/pages"}],"about":[{"href":"https:\/\/www.provenceclassics.com\/fr\/wp-json\/wp\/v2\/types\/page"}],"author":[{"embeddable":true,"href":"https:\/\/www.provenceclassics.com\/fr\/wp-json\/wp\/v2\/users\/1"}],"replies":[{"embeddable":true,"href":"https:\/\/www.provenceclassics.com\/fr\/wp-json\/wp\/v2\/comments?post=586"}],"version-history":[{"count":2,"href":"https:\/\/www.provenceclassics.com\/fr\/wp-json\/wp\/v2\/pages\/586\/revisions"}],"predecessor-version":[{"id":591,"href":"https:\/\/www.provenceclassics.com\/fr\/wp-json\/wp\/v2\/pages\/586\/revisions\/591"}],"wp:attachment":[{"href":"https:\/\/www.provenceclassics.com\/fr\/wp-json\/wp\/v2\/media?parent=586"}],"curies":[{"name":"wp","href":"https:\/\/api.w.org\/{rel}","templated":true}]}}