{"id":3,"date":"2025-10-14T15:37:46","date_gmt":"2025-10-14T15:37:46","guid":{"rendered":"http:\/\/www.provenceclassics.com\/?page_id=3"},"modified":"2026-02-04T11:51:23","modified_gmt":"2026-02-04T11:51:23","slug":"legal","status":"publish","type":"page","link":"https:\/\/www.provenceclassics.com\/fr\/legal\/","title":{"rendered":"Confidentialit\u00e9 &amp; Mentions l\u00e9gales"},"content":{"rendered":"<p>Toutes les locations ou autres locations entreprises avec Provence Classics sont soumises aux Termes &amp; Conditions de vente. Provence Classics se r\u00e9serve le droit de refuser toute location pour quelque raison que ce soit avant que la r\u00e9servation ne soit compl\u00e9t\u00e9e et pay\u00e9e en totalit\u00e9. Par la suite, tous les droits sont conserv\u00e9s conform\u00e9ment aux conditions g\u00e9n\u00e9rales de vente &amp; Conditions de vente.<\/p>\n<p>Provence Classics \u00a9 2022. Tous droits r\u00e9serv\u00e9s.<\/p>\n<p>Tout le contenu y compris les photos affich\u00e9es sur ce site web reste la propri\u00e9t\u00e9 \/ propri\u00e9t\u00e9 intellectuelle de Provence Classics. Toute utilisation ou reproduction du contenu de ce site est interdite sans l'accord expr\u00e8s et \u00e9crit du propri\u00e9taire.<\/p>\n<p>Tous les prix affich\u00e9s sur ce site sont donn\u00e9s \u00e0 titre indicatif uniquement, et sont bas\u00e9s sur le co\u00fbt de la location avec un conducteur d\u00e9sign\u00e9 \u00e2g\u00e9 de 25 \u00e0 75 ans. Pour un devis sans engagement, veuillez Nous contacter directement.\u00a0<a href=\"https:\/\/www.provenceclassics.com\/en\/contact-us\" target=\"_self\" rel=\"bookmark\">contact us<\/a>\u00a0directly. For a full list of current prices please visit our\u00a0<a href=\"https:\/\/www.provenceclassics.com\/en\/pricing\" target=\"_self\" rel=\"bookmark\">Pricing page.<\/a><\/p>\n<p>Provence Classics op\u00e8re depuis Cavaillon, 84300 France.<\/p>","protected":false},"excerpt":{"rendered":"<p>All rentals or other hires undertaken with Provence Classics are subject to the Terms &amp; Conditions of sale. Provence Classics retains the right to refuse any rental on any grounds prior to a booking being completed and paid in full. Thereafter all rights are retained in accordance with the Terms &amp; Conditions of sale. Provence [&hellip;]<\/p>\n","protected":false},"author":1,"featured_media":0,"parent":0,"menu_order":0,"comment_status":"closed","ping_status":"closed","template":"","meta":{"_acf_changed":false,"_monsterinsights_skip_tracking":false,"_monsterinsights_sitenote_active":false,"_monsterinsights_sitenote_note":"","_monsterinsights_sitenote_category":0,"footnotes":""},"class_list":["post-3","page","type-page","status-publish","hentry"],"acf":[],"yoast_head":"<!-- This site is optimized with the Yoast SEO plugin v27.4 - https:\/\/yoast.com\/product\/yoast-seo-wordpress\/ -->\n<title>Privacy &amp; Legal - Provence Classics<\/title>\n<meta name=\"description\" content=\"All rentals or other hires undertaken with Provence Classics are subject to the Terms &amp; Conditions of sale.\" \/>\n<meta name=\"robots\" content=\"index, follow, max-snippet:-1, max-image-preview:large, max-video-preview:-1\" \/>\n<link rel=\"canonical\" href=\"https:\/\/www.provenceclassics.com\/fr\/legal\/\" \/>\n<meta property=\"og:locale\" content=\"fr_FR\" \/>\n<meta property=\"og:type\" content=\"article\" \/>\n<meta property=\"og:title\" content=\"Privacy &amp; Legal - Provence Classics\" \/>\n<meta property=\"og:description\" content=\"All rentals or other hires undertaken with Provence Classics are subject to the Terms &amp; Conditions of sale.\" \/>\n<meta property=\"og:url\" content=\"https:\/\/www.provenceclassics.com\/fr\/legal\/\" \/>\n<meta property=\"og:site_name\" content=\"Provence Classics\" \/>\n<meta property=\"article:modified_time\" content=\"2026-02-04T11:51:23+00:00\" \/>\n<meta name=\"twitter:card\" content=\"summary_large_image\" \/>\n<meta name=\"twitter:label1\" content=\"Dur\u00e9e de lecture estim\u00e9e\" \/>\n\t<meta name=\"twitter:data1\" content=\"1 minute\" \/>\n<script type=\"application\/ld+json\" class=\"yoast-schema-graph\">{\"@context\":\"https:\\\/\\\/schema.org\",\"@graph\":[{\"@type\":\"WebPage\",\"@id\":\"https:\\\/\\\/www.provenceclassics.com\\\/legal\\\/\",\"url\":\"https:\\\/\\\/www.provenceclassics.com\\\/legal\\\/\",\"name\":\"Privacy & Legal - Provence Classics\",\"isPartOf\":{\"@id\":\"https:\\\/\\\/www.provenceclassics.com\\\/#website\"},\"datePublished\":\"2025-10-14T15:37:46+00:00\",\"dateModified\":\"2026-02-04T11:51:23+00:00\",\"description\":\"All rentals or other hires undertaken with Provence Classics are subject to the Terms & Conditions of sale.\",\"breadcrumb\":{\"@id\":\"https:\\\/\\\/www.provenceclassics.com\\\/legal\\\/#breadcrumb\"},\"inLanguage\":\"fr-FR\",\"potentialAction\":[{\"@type\":\"ReadAction\",\"target\":[\"https:\\\/\\\/www.provenceclassics.com\\\/legal\\\/\"]}]},{\"@type\":\"BreadcrumbList\",\"@id\":\"https:\\\/\\\/www.provenceclassics.com\\\/legal\\\/#breadcrumb\",\"itemListElement\":[{\"@type\":\"ListItem\",\"position\":1,\"name\":\"Home\",\"item\":\"https:\\\/\\\/www.provenceclassics.com\\\/\"},{\"@type\":\"ListItem\",\"position\":2,\"name\":\"Privacy &#038; Legal\"}]},{\"@type\":\"WebSite\",\"@id\":\"https:\\\/\\\/www.provenceclassics.com\\\/#website\",\"url\":\"https:\\\/\\\/www.provenceclassics.com\\\/\",\"name\":\"Provence Classics\",\"description\":\"\",\"potentialAction\":[{\"@type\":\"SearchAction\",\"target\":{\"@type\":\"EntryPoint\",\"urlTemplate\":\"https:\\\/\\\/www.provenceclassics.com\\\/?s={search_term_string}\"},\"query-input\":{\"@type\":\"PropertyValueSpecification\",\"valueRequired\":true,\"valueName\":\"search_term_string\"}}],\"inLanguage\":\"fr-FR\"}]}<\/script>\n<!-- \/ Yoast SEO plugin. -->","yoast_head_json":{"title":"Privacy & Legal - Provence Classics","description":"All rentals or other hires undertaken with Provence Classics are subject to the Terms & Conditions of sale.","robots":{"index":"index","follow":"follow","max-snippet":"max-snippet:-1","max-image-preview":"max-image-preview:large","max-video-preview":"max-video-preview:-1"},"canonical":"https:\/\/www.provenceclassics.com\/fr\/legal\/","og_locale":"fr_FR","og_type":"article","og_title":"Privacy & Legal - Provence Classics","og_description":"All rentals or other hires undertaken with Provence Classics are subject to the Terms & Conditions of sale.","og_url":"https:\/\/www.provenceclassics.com\/fr\/legal\/","og_site_name":"Provence Classics","article_modified_time":"2026-02-04T11:51:23+00:00","twitter_card":"summary_large_image","twitter_misc":{"Dur\u00e9e de lecture estim\u00e9e":"1 minute"},"schema":{"@context":"https:\/\/schema.org","@graph":[{"@type":"WebPage","@id":"https:\/\/www.provenceclassics.com\/legal\/","url":"https:\/\/www.provenceclassics.com\/legal\/","name":"Privacy & Legal - Provence Classics","isPartOf":{"@id":"https:\/\/www.provenceclassics.com\/#website"},"datePublished":"2025-10-14T15:37:46+00:00","dateModified":"2026-02-04T11:51:23+00:00","description":"All rentals or other hires undertaken with Provence Classics are subject to the Terms & Conditions of sale.","breadcrumb":{"@id":"https:\/\/www.provenceclassics.com\/legal\/#breadcrumb"},"inLanguage":"fr-FR","potentialAction":[{"@type":"ReadAction","target":["https:\/\/www.provenceclassics.com\/legal\/"]}]},{"@type":"BreadcrumbList","@id":"https:\/\/www.provenceclassics.com\/legal\/#breadcrumb","itemListElement":[{"@type":"ListItem","position":1,"name":"Home","item":"https:\/\/www.provenceclassics.com\/"},{"@type":"ListItem","position":2,"name":"Privacy &#038; Legal"}]},{"@type":"WebSite","@id":"https:\/\/www.provenceclassics.com\/#website","url":"https:\/\/www.provenceclassics.com\/","name":"Provence Classics","description":"","potentialAction":[{"@type":"SearchAction","target":{"@type":"EntryPoint","urlTemplate":"https:\/\/www.provenceclassics.com\/?s={search_term_string}"},"query-input":{"@type":"PropertyValueSpecification","valueRequired":true,"valueName":"search_term_string"}}],"inLanguage":"fr-FR"}]}},"_links":{"self":[{"href":"https:\/\/www.provenceclassics.com\/fr\/wp-json\/wp\/v2\/pages\/3","targetHints":{"allow":["GET"]}}],"collection":[{"href":"https:\/\/www.provenceclassics.com\/fr\/wp-json\/wp\/v2\/pages"}],"about":[{"href":"https:\/\/www.provenceclassics.com\/fr\/wp-json\/wp\/v2\/types\/page"}],"author":[{"embeddable":true,"href":"https:\/\/www.provenceclassics.com\/fr\/wp-json\/wp\/v2\/users\/1"}],"replies":[{"embeddable":true,"href":"https:\/\/www.provenceclassics.com\/fr\/wp-json\/wp\/v2\/comments?post=3"}],"version-history":[{"count":3,"href":"https:\/\/www.provenceclassics.com\/fr\/wp-json\/wp\/v2\/pages\/3\/revisions"}],"predecessor-version":[{"id":582,"href":"https:\/\/www.provenceclassics.com\/fr\/wp-json\/wp\/v2\/pages\/3\/revisions\/582"}],"wp:attachment":[{"href":"https:\/\/www.provenceclassics.com\/fr\/wp-json\/wp\/v2\/media?parent=3"}],"curies":[{"name":"wp","href":"https:\/\/api.w.org\/{rel}","templated":true}]}}