{"id":179,"date":"2025-10-17T11:37:09","date_gmt":"2025-10-17T11:37:09","guid":{"rendered":"http:\/\/www.provenceclassics.com\/?page_id=179"},"modified":"2026-02-04T11:50:03","modified_gmt":"2026-02-04T11:50:03","slug":"mariage-et-evenements","status":"publish","type":"page","link":"https:\/\/www.provenceclassics.com\/fr\/prices\/wedding-events\/","title":{"rendered":"MARIAGES &amp; \u00c9V\u00c8NEMENTS"},"content":{"rendered":"","protected":false},"excerpt":{"rendered":"","protected":false},"author":1,"featured_media":200,"parent":163,"menu_order":0,"comment_status":"closed","ping_status":"closed","template":"template-prices.php","meta":{"_acf_changed":false,"_monsterinsights_skip_tracking":false,"_monsterinsights_sitenote_active":false,"_monsterinsights_sitenote_note":"","_monsterinsights_sitenote_category":0,"footnotes":""},"class_list":["post-179","page","type-page","status-publish","has-post-thumbnail","hentry"],"acf":[],"yoast_head":"<!-- This site is optimized with the Yoast SEO plugin v27.4 - https:\/\/yoast.com\/product\/yoast-seo-wordpress\/ -->\n<title>Wedding and Events - Provence Classics<\/title>\n<meta name=\"description\" content=\"Provence Classics provide you with the ideal way to add the charm of a gorgeous classic car (convertible or not) to your wedding ceremony in Provence.\" \/>\n<meta name=\"robots\" content=\"index, follow, max-snippet:-1, max-image-preview:large, max-video-preview:-1\" \/>\n<link rel=\"canonical\" href=\"https:\/\/www.provenceclassics.com\/fr\/tarifs\/mariage-et-evenements\/\" \/>\n<meta property=\"og:locale\" content=\"fr_FR\" \/>\n<meta property=\"og:type\" content=\"article\" \/>\n<meta property=\"og:title\" content=\"Wedding and Events - Provence Classics\" \/>\n<meta property=\"og:description\" content=\"Provence Classics provide you with the ideal way to add the charm of a gorgeous classic car (convertible or not) to your wedding ceremony in Provence.\" \/>\n<meta property=\"og:url\" content=\"https:\/\/www.provenceclassics.com\/fr\/tarifs\/mariage-et-evenements\/\" \/>\n<meta property=\"og:site_name\" content=\"Provence Classics\" \/>\n<meta property=\"article:modified_time\" content=\"2026-02-04T11:50:03+00:00\" \/>\n<meta property=\"og:image\" content=\"https:\/\/www.provenceclassics.com\/wp-content\/uploads\/2025\/10\/Wedding-3.jpg\" \/>\n\t<meta property=\"og:image:width\" content=\"1500\" \/>\n\t<meta property=\"og:image:height\" content=\"1088\" \/>\n\t<meta property=\"og:image:type\" content=\"image\/jpeg\" \/>\n<meta name=\"twitter:card\" content=\"summary_large_image\" \/>\n<meta name=\"twitter:label1\" content=\"Dur\u00e9e de lecture estim\u00e9e\" \/>\n\t<meta name=\"twitter:data1\" content=\"1 minute\" \/>\n<script type=\"application\/ld+json\" class=\"yoast-schema-graph\">{\"@context\":\"https:\\\/\\\/schema.org\",\"@graph\":[{\"@type\":\"WebPage\",\"@id\":\"https:\\\/\\\/www.provenceclassics.com\\\/prices\\\/wedding-events\\\/\",\"url\":\"https:\\\/\\\/www.provenceclassics.com\\\/prices\\\/wedding-events\\\/\",\"name\":\"Wedding and Events - Provence Classics\",\"isPartOf\":{\"@id\":\"https:\\\/\\\/www.provenceclassics.com\\\/#website\"},\"primaryImageOfPage\":{\"@id\":\"https:\\\/\\\/www.provenceclassics.com\\\/prices\\\/wedding-events\\\/#primaryimage\"},\"image\":{\"@id\":\"https:\\\/\\\/www.provenceclassics.com\\\/prices\\\/wedding-events\\\/#primaryimage\"},\"thumbnailUrl\":\"https:\\\/\\\/www.provenceclassics.com\\\/wp-content\\\/uploads\\\/2025\\\/10\\\/Wedding-3.jpg\",\"datePublished\":\"2025-10-17T11:37:09+00:00\",\"dateModified\":\"2026-02-04T11:50:03+00:00\",\"description\":\"Provence Classics provide you with the ideal way to add the charm of a gorgeous classic car (convertible or not) to your wedding ceremony in Provence.\",\"breadcrumb\":{\"@id\":\"https:\\\/\\\/www.provenceclassics.com\\\/prices\\\/wedding-events\\\/#breadcrumb\"},\"inLanguage\":\"fr-FR\",\"potentialAction\":[{\"@type\":\"ReadAction\",\"target\":[\"https:\\\/\\\/www.provenceclassics.com\\\/prices\\\/wedding-events\\\/\"]}]},{\"@type\":\"ImageObject\",\"inLanguage\":\"fr-FR\",\"@id\":\"https:\\\/\\\/www.provenceclassics.com\\\/prices\\\/wedding-events\\\/#primaryimage\",\"url\":\"https:\\\/\\\/www.provenceclassics.com\\\/wp-content\\\/uploads\\\/2025\\\/10\\\/Wedding-3.jpg\",\"contentUrl\":\"https:\\\/\\\/www.provenceclassics.com\\\/wp-content\\\/uploads\\\/2025\\\/10\\\/Wedding-3.jpg\",\"width\":1500,\"height\":1088,\"caption\":\"weddings car hire\"},{\"@type\":\"BreadcrumbList\",\"@id\":\"https:\\\/\\\/www.provenceclassics.com\\\/prices\\\/wedding-events\\\/#breadcrumb\",\"itemListElement\":[{\"@type\":\"ListItem\",\"position\":1,\"name\":\"Home\",\"item\":\"https:\\\/\\\/www.provenceclassics.com\\\/\"},{\"@type\":\"ListItem\",\"position\":2,\"name\":\"Prices\",\"item\":\"https:\\\/\\\/www.provenceclassics.com\\\/prices\\\/\"},{\"@type\":\"ListItem\",\"position\":3,\"name\":\"Wedding and Events\"}]},{\"@type\":\"WebSite\",\"@id\":\"https:\\\/\\\/www.provenceclassics.com\\\/#website\",\"url\":\"https:\\\/\\\/www.provenceclassics.com\\\/\",\"name\":\"Provence Classics\",\"description\":\"\",\"potentialAction\":[{\"@type\":\"SearchAction\",\"target\":{\"@type\":\"EntryPoint\",\"urlTemplate\":\"https:\\\/\\\/www.provenceclassics.com\\\/?s={search_term_string}\"},\"query-input\":{\"@type\":\"PropertyValueSpecification\",\"valueRequired\":true,\"valueName\":\"search_term_string\"}}],\"inLanguage\":\"fr-FR\"}]}<\/script>\n<!-- \/ Yoast SEO plugin. -->","yoast_head_json":{"title":"Location de voitures pour mariage vintage en Provence, France","description":"C\u2019est le parfait moyen d\u2019ajouter un chic ind\u00e9niable \u00e0 vos inoubliables souvenirs et \u00e0 vos plus belles photos de mariage.","robots":{"index":"index","follow":"follow","max-snippet":"max-snippet:-1","max-image-preview":"max-image-preview:large","max-video-preview":"max-video-preview:-1"},"canonical":"https:\/\/www.provenceclassics.com\/fr\/tarifs\/mariage-et-evenements\/","og_locale":"fr_FR","og_type":"article","og_title":"Wedding and Events - Provence Classics","og_description":"Provence Classics provide you with the ideal way to add the charm of a gorgeous classic car (convertible or not) to your wedding ceremony in Provence.","og_url":"https:\/\/www.provenceclassics.com\/fr\/tarifs\/mariage-et-evenements\/","og_site_name":"Provence Classics","article_modified_time":"2026-02-04T11:50:03+00:00","og_image":[{"width":1500,"height":1088,"url":"https:\/\/www.provenceclassics.com\/wp-content\/uploads\/2025\/10\/Wedding-3.jpg","type":"image\/jpeg"}],"twitter_card":"summary_large_image","twitter_misc":{"Dur\u00e9e de lecture estim\u00e9e":"1 minute"},"schema":{"@context":"https:\/\/schema.org","@graph":[{"@type":"WebPage","@id":"https:\/\/www.provenceclassics.com\/prices\/wedding-events\/","url":"https:\/\/www.provenceclassics.com\/prices\/wedding-events\/","name":"Location de voitures pour mariage vintage en Provence, France","isPartOf":{"@id":"https:\/\/www.provenceclassics.com\/#website"},"primaryImageOfPage":{"@id":"https:\/\/www.provenceclassics.com\/prices\/wedding-events\/#primaryimage"},"image":{"@id":"https:\/\/www.provenceclassics.com\/prices\/wedding-events\/#primaryimage"},"thumbnailUrl":"https:\/\/www.provenceclassics.com\/wp-content\/uploads\/2025\/10\/Wedding-3.jpg","datePublished":"2025-10-17T11:37:09+00:00","dateModified":"2026-02-04T11:50:03+00:00","description":"C\u2019est le parfait moyen d\u2019ajouter un chic ind\u00e9niable \u00e0 vos inoubliables souvenirs et \u00e0 vos plus belles photos de mariage.","breadcrumb":{"@id":"https:\/\/www.provenceclassics.com\/prices\/wedding-events\/#breadcrumb"},"inLanguage":"fr-FR","potentialAction":[{"@type":"ReadAction","target":["https:\/\/www.provenceclassics.com\/prices\/wedding-events\/"]}]},{"@type":"ImageObject","inLanguage":"fr-FR","@id":"https:\/\/www.provenceclassics.com\/prices\/wedding-events\/#primaryimage","url":"https:\/\/www.provenceclassics.com\/wp-content\/uploads\/2025\/10\/Wedding-3.jpg","contentUrl":"https:\/\/www.provenceclassics.com\/wp-content\/uploads\/2025\/10\/Wedding-3.jpg","width":1500,"height":1088,"caption":"weddings car hire"},{"@type":"BreadcrumbList","@id":"https:\/\/www.provenceclassics.com\/prices\/wedding-events\/#breadcrumb","itemListElement":[{"@type":"ListItem","position":1,"name":"Home","item":"https:\/\/www.provenceclassics.com\/"},{"@type":"ListItem","position":2,"name":"Prices","item":"https:\/\/www.provenceclassics.com\/prices\/"},{"@type":"ListItem","position":3,"name":"Wedding and Events"}]},{"@type":"WebSite","@id":"https:\/\/www.provenceclassics.com\/#website","url":"https:\/\/www.provenceclassics.com\/","name":"Provence Classics","description":"","potentialAction":[{"@type":"SearchAction","target":{"@type":"EntryPoint","urlTemplate":"https:\/\/www.provenceclassics.com\/?s={search_term_string}"},"query-input":{"@type":"PropertyValueSpecification","valueRequired":true,"valueName":"search_term_string"}}],"inLanguage":"fr-FR"}]}},"_links":{"self":[{"href":"https:\/\/www.provenceclassics.com\/fr\/wp-json\/wp\/v2\/pages\/179","targetHints":{"allow":["GET"]}}],"collection":[{"href":"https:\/\/www.provenceclassics.com\/fr\/wp-json\/wp\/v2\/pages"}],"about":[{"href":"https:\/\/www.provenceclassics.com\/fr\/wp-json\/wp\/v2\/types\/page"}],"author":[{"embeddable":true,"href":"https:\/\/www.provenceclassics.com\/fr\/wp-json\/wp\/v2\/users\/1"}],"replies":[{"embeddable":true,"href":"https:\/\/www.provenceclassics.com\/fr\/wp-json\/wp\/v2\/comments?post=179"}],"version-history":[{"count":6,"href":"https:\/\/www.provenceclassics.com\/fr\/wp-json\/wp\/v2\/pages\/179\/revisions"}],"predecessor-version":[{"id":534,"href":"https:\/\/www.provenceclassics.com\/fr\/wp-json\/wp\/v2\/pages\/179\/revisions\/534"}],"up":[{"embeddable":true,"href":"https:\/\/www.provenceclassics.com\/fr\/wp-json\/wp\/v2\/pages\/163"}],"wp:featuredmedia":[{"embeddable":true,"href":"https:\/\/www.provenceclassics.com\/fr\/wp-json\/wp\/v2\/media\/200"}],"wp:attachment":[{"href":"https:\/\/www.provenceclassics.com\/fr\/wp-json\/wp\/v2\/media?parent=179"}],"curies":[{"name":"wp","href":"https:\/\/api.w.org\/{rel}","templated":true}]}}